{"id":221,"date":"2016-05-31T17:40:04","date_gmt":"2016-05-31T17:40:04","guid":{"rendered":"http:\/\/fransopdefiets.nl\/wordpress\/?page_id=221"},"modified":"2016-05-31T17:43:28","modified_gmt":"2016-05-31T17:43:28","slug":"gidsen-en-kaarten","status":"publish","type":"page","link":"https:\/\/fransopdefiets.nl\/wordpress\/?page_id=221","title":{"rendered":"Gidsen en kaarten"},"content":{"rendered":"<p><strong>FRANKRIJK 2015<\/strong><\/p>\n<p><strong>LF1 Noordzeeroute<\/strong> &#8211; Bas van der Post<br \/>\n<img loading=\"lazy\" decoding=\"async\" src=\"https:\/\/fransopdefiets.nl\/wordpress\/wp-content\/uploads\/2016\/03\/LF1Noordzeeroute-cover-e1464715082753.jpg\" alt=\"LF1Noordzeeroute-cover\" width=\"803\" height=\"550\" class=\"alignnone size-full wp-image-214\" srcset=\"https:\/\/fransopdefiets.nl\/wordpress\/wp-content\/uploads\/2016\/03\/LF1Noordzeeroute-cover-e1464715082753.jpg 803w, https:\/\/fransopdefiets.nl\/wordpress\/wp-content\/uploads\/2016\/03\/LF1Noordzeeroute-cover-e1464715082753-300x205.jpg 300w, https:\/\/fransopdefiets.nl\/wordpress\/wp-content\/uploads\/2016\/03\/LF1Noordzeeroute-cover-e1464715082753-768x526.jpg 768w\" sizes=\"auto, (max-width: 803px) 100vw, 803px\" \/><\/p>\n<p>\n<strong>Normandi\u00eb en Bretagne, tussen Ansjovis en Anjou<\/strong> &#8211; Rinus en Janneke van Dijke &#8211; Janssen<br \/>\n<img loading=\"lazy\" decoding=\"async\" src=\"https:\/\/fransopdefiets.nl\/wordpress\/wp-content\/uploads\/2016\/03\/normandie-cover.jpg\" alt=\"normandie-cover\" width=\"458\" height=\"458\" class=\"alignnone size-full wp-image-215\" srcset=\"https:\/\/fransopdefiets.nl\/wordpress\/wp-content\/uploads\/2016\/03\/normandie-cover.jpg 458w, https:\/\/fransopdefiets.nl\/wordpress\/wp-content\/uploads\/2016\/03\/normandie-cover-150x150.jpg 150w, https:\/\/fransopdefiets.nl\/wordpress\/wp-content\/uploads\/2016\/03\/normandie-cover-300x300.jpg 300w\" sizes=\"auto, (max-width: 458px) 100vw, 458px\" \/><\/p>\n<p>\n<strong>La Loire \u00e0 V\u00e9lo<\/strong> &#8211; Philippe Gloaguen<br \/>\n<img loading=\"lazy\" decoding=\"async\" src=\"https:\/\/fransopdefiets.nl\/wordpress\/wp-content\/uploads\/2016\/03\/Loire-cover.jpg\" alt=\"Loire-cover\" width=\"249\" height=\"368\" class=\"alignnone size-full wp-image-218\" srcset=\"https:\/\/fransopdefiets.nl\/wordpress\/wp-content\/uploads\/2016\/03\/Loire-cover.jpg 249w, https:\/\/fransopdefiets.nl\/wordpress\/wp-content\/uploads\/2016\/03\/Loire-cover-203x300.jpg 203w\" sizes=\"auto, (max-width: 249px) 100vw, 249px\" \/><\/p>\n<p>\n<strong>Langs oude wegen en pelgrimssteden naar Compostela<\/strong> &#8211; Clemens Sweerman en Aart van Rossum<br \/>\n<img loading=\"lazy\" decoding=\"async\" src=\"https:\/\/fransopdefiets.nl\/wordpress\/wp-content\/uploads\/2016\/03\/oudewegen-cover.jpg\" alt=\"oudewegen-cover\" width=\"770\" height=\"419\" class=\"alignnone size-full wp-image-216\" srcset=\"https:\/\/fransopdefiets.nl\/wordpress\/wp-content\/uploads\/2016\/03\/oudewegen-cover.jpg 770w, https:\/\/fransopdefiets.nl\/wordpress\/wp-content\/uploads\/2016\/03\/oudewegen-cover-300x163.jpg 300w, https:\/\/fransopdefiets.nl\/wordpress\/wp-content\/uploads\/2016\/03\/oudewegen-cover-768x418.jpg 768w\" sizes=\"auto, (max-width: 770px) 100vw, 770px\" \/><\/p>\n<p>\n","protected":false},"excerpt":{"rendered":"<p>FRANKRIJK 2015 LF1 Noordzeeroute &#8211; Bas van der Post Normandi\u00eb en Bretagne, tussen Ansjovis en Anjou &#8211; Rinus en Janneke van Dijke &#8211; Janssen La Loire \u00e0 V\u00e9lo &#8211; Philippe Gloaguen Langs oude wegen en pelgrimssteden naar Compostela &#8211; Clemens Sweerman en Aart van Rossum<\/p>\n","protected":false},"author":1,"featured_media":0,"parent":0,"menu_order":0,"comment_status":"closed","ping_status":"closed","template":"","meta":{"footnotes":""},"class_list":["post-221","page","type-page","status-publish","hentry"],"_links":{"self":[{"href":"https:\/\/fransopdefiets.nl\/wordpress\/index.php?rest_route=\/wp\/v2\/pages\/221","targetHints":{"allow":["GET"]}}],"collection":[{"href":"https:\/\/fransopdefiets.nl\/wordpress\/index.php?rest_route=\/wp\/v2\/pages"}],"about":[{"href":"https:\/\/fransopdefiets.nl\/wordpress\/index.php?rest_route=\/wp\/v2\/types\/page"}],"author":[{"embeddable":true,"href":"https:\/\/fransopdefiets.nl\/wordpress\/index.php?rest_route=\/wp\/v2\/users\/1"}],"replies":[{"embeddable":true,"href":"https:\/\/fransopdefiets.nl\/wordpress\/index.php?rest_route=%2Fwp%2Fv2%2Fcomments&post=221"}],"version-history":[{"count":2,"href":"https:\/\/fransopdefiets.nl\/wordpress\/index.php?rest_route=\/wp\/v2\/pages\/221\/revisions"}],"predecessor-version":[{"id":225,"href":"https:\/\/fransopdefiets.nl\/wordpress\/index.php?rest_route=\/wp\/v2\/pages\/221\/revisions\/225"}],"wp:attachment":[{"href":"https:\/\/fransopdefiets.nl\/wordpress\/index.php?rest_route=%2Fwp%2Fv2%2Fmedia&parent=221"}],"curies":[{"name":"wp","href":"https:\/\/api.w.org\/{rel}","templated":true}]}}